{"id":19,"date":"2021-07-14T21:15:59","date_gmt":"2021-07-14T21:15:59","guid":{"rendered":"http:\/\/192.168.13.37\/wordpress\/?page_id=19"},"modified":"2024-11-11T12:50:12","modified_gmt":"2024-11-11T12:50:12","slug":"datenschutzerklarung","status":"publish","type":"page","link":"https:\/\/studie.mintfit.hamburg\/?page_id=19","title":{"rendered":"Datenschutzerkl\u00e4rung"},"content":{"rendered":"\n<p>Diese Datenschutzerkl\u00e4rung beinhaltet Informationen zu Daten die wir verarbeiten und speichern. Sie kl\u00e4rt dar\u00fcber auf, wie wir von MINTFIT Hamburg diese Daten verwenden.<\/p>\n\n\n\n<p>Um den besten Schutz f\u00fcr deine pers\u00f6nlichen Daten zu gew\u00e4hrleisten, arbeiten wir in dieser Studie mit zwei voneinander getrennten Teilsystemen. Beide Systeme haben jeweils nur Zugriff auf einen Teil der Daten.<\/p>\n\n\n\n<p>Die Datenschutzerkl\u00e4rung ist dabei f\u00fcr beide Teilsysteme g\u00fcltig, die unter den folgenden Domains zu finden sind:<\/p>\n\n\n\n<ul class=\"wp-block-list\">\n<li><code>studie.mintfit.hamburg<\/code><\/li>\n\n\n\n<li><code>umfrage.mintfit.hamburg<\/code><\/li>\n<\/ul>\n\n\n\n<p>Die folgenden Unterkapitel erkl\u00e4ren, welche Daten allgemein und welche jeweils von einem der zugeh\u00f6rigen Teilsysteme erhoben und verarbeitet werden.<\/p>\n\n\n\n<h2 class=\"wp-block-heading\">Zugriffsdaten beider Teilsysteme<\/h2>\n\n\n\n<p>Aufgrund unseres berechtigten Interesses (s. Art. 6 Abs. 1 lit. f. DSGVO) erheben und speichern wir Daten \u00fcber Zugriffe auf die Webseiten in unseren \u201eServer-Logfiles\u201c ab. Dabei werden die folgenden Daten protokolliert:<\/p>\n\n\n\n<ul class=\"wp-block-list\">\n<li>Besuchte Website<\/li>\n\n\n\n<li>Uhrzeit zum Zeitpunkt des Zugriffes<\/li>\n\n\n\n<li>Menge der gesendeten Daten in Byte<\/li>\n\n\n\n<li>Quelle\/Verweis, von welchem Du auf die Seite gelangtest<\/li>\n\n\n\n<li>Verwendeter Browser<\/li>\n\n\n\n<li>Verwendetes Betriebssystem<\/li>\n\n\n\n<li>Verwendete IP-Adresse<\/li>\n<\/ul>\n\n\n\n<p>Die Speicherung der Daten erfolgt aus Sicherheitsgr\u00fcnden, um z. B. Missbrauchsf\u00e4lle aufkl\u00e4ren zu k\u00f6nnen.<\/p>\n\n\n\n<p>Falls Daten aus Beweisgr\u00fcnden aufgehoben werden m\u00fcssen, sind sie solange von der L\u00f6schung ausgenommen bis der Vorfall endg\u00fcltig gekl\u00e4rt ist.<\/p>\n\n\n\n<h3 class=\"wp-block-heading\">Umgang mit Kontaktdaten<\/h3>\n\n\n\n<p>Wenn du mit uns Kontakt aufnimmst, speichern wir deine Daten um damit dein Anliegen bearbeiten zu k\u00f6nnen. Die Daten werden ohne deine Einwilligung nicht an Dritte weitergegeben. Mit deiner Registrierung gibst du dein Einverst\u00e4ndnis, dass wir dich \u00fcber die Dauer der Studie etwa einmal im Monat zu Zwecken der Studie kontaktieren d\u00fcrfen.<\/p>\n\n\n\n<h3 class=\"wp-block-heading\">Datenweitergabe an Dritte<\/h3>\n\n\n\n<p>Die erfassten Daten werden ausschlie\u00dflich daf\u00fcr genutzt, die Durchf\u00fchrung dieser Studie zu erm\u00f6glichen. Deine Daten werden in der Regel nicht an Dritte weitergegeben. Ausnahme: Zur Aufkl\u00e4rung oder Verhinderung einer Straftat k\u00f6nnen Deine Daten auf gerichtliche Anordnung an die Strafverfolgungsbeh\u00f6rden weitergegeben werden.<\/p>\n\n\n\n<h3 class=\"wp-block-heading\">Datenverarbeitung<\/h3>\n\n\n\n<p>Wir werten die im Rahmen dieser Studie von den Studienteilnehmenden gegebenen Antworten zu mehreren Zeitpunkten im Verlauf der Studie aus und nutzen die Ergebnisse um das MINTFIT-Angebot zu verbessern. Au\u00dferdem dient die Auswertung der Grundlagenforschung rund um die Studieneingangsphase und damit dem wissenschaftlichen Interesse von MINTFIT als Einrichtung der Hamburger Hochschulen. Die Ergebnisse der Studie werden im Anschluss ver\u00f6ffentlicht. Es ist nicht m\u00f6glich, mithilfe dieser Ergebnisse R\u00fcckschl\u00fcsse auf einzelne Personen zu ziehen.<\/p>\n\n\n\n<h3 class=\"wp-block-heading\">Auskunftrecht<\/h3>\n\n\n\n<p>Als Nutzer dieser Webseite hast du das Recht, kostenfrei Auskunft \u00fcber die von dir gespeicherten Daten zu erhalten. Melde dich dazu gerne per E-Mail unter <a href=\"kontakt@mintfit.hamburg\">kontakt@mintfit.hamburg<\/a>.<\/p>\n\n\n\n<h3 class=\"wp-block-heading\">L\u00f6schung von Daten<\/h3>\n\n\n\n<p>Wenn du m\u00f6chtest, dass wir deine Daten von unseren Servern l\u00f6schen, melde dich dazu gerne bei <a href=\"kontakt@mintfit.hamburg\">kontakt@mintfit.hamburg<\/a>. Bedenke, dass wir einige Dinge von dir erfragen m\u00fcssen um wissen zu k\u00f6nnen, was wir l\u00f6schen sollen. Genaueres dazu findest du weiter unten in den Kapiteln zur L\u00f6schung von Daten in den beiden verwendeten Teilsystemen.<\/p>\n\n\n\n<p>Einer L\u00f6schung von Daten kann jedoch nur nachgekommen werden, wenn dieses nicht mit gesetzlichen Aufbewahrungspflichten kollidiert.<\/p>\n\n\n\n<p>Wenn von uns gespeicherte Daten nicht mehr zur Erf\u00fcllung des Zwecks, zu dem diese Daten erhoben wurden, gebraucht werden und keine gesetzlichen Aufbewahrungspflichten vorliegen, werden diese von uns gel\u00f6scht.<\/p>\n\n\n\n<p>In F\u00e4llen, wo dies nicht m\u00f6glich sein sollte, werden die Daten gesperrt und nicht f\u00fcr andere Zwecke verarbeitet.<\/p>\n\n\n\n<h3 class=\"wp-block-heading\">Unrechtm\u00e4\u00dfige Datenverarbeitung.<\/h3>\n\n\n\n<p>Wenn du denkst, dass wir deine Daten unrechtm\u00e4\u00dfig verarbeiten, melde dich gerne unter <a href=\"kontakt@mintfit.hamburg\">kontakt@mintfit.hamburg<\/a> bei uns, damit wir das Problem gemeinsam beheben k\u00f6nnen.<\/p>\n\n\n\n<p>Dar\u00fcber hinaus hast du auch die M\u00f6glichkeit eine Beschwerde bei der zust\u00e4ndigen Aufsichtsbeh\u00f6rde einzureichen.<\/p>\n\n\n\n<ul class=\"wp-block-list\">\n<li><a href=\"https:\/\/datenschutz-hamburg.de\/\">Datenschutz Hamburg<\/a><\/li>\n<\/ul>\n\n\n\n<h2 class=\"wp-block-heading\">studie.mintfit.hamburg<\/h2>\n\n\n\n<p>Diese Seite erm\u00f6glicht Nutzern:innen, sich \u00fcber die Studie zu informieren und sich einen Nutzeraccount anzulegen um an der Studie teilnehmen zu k\u00f6nnen. Dazu werden bei der Registrierung folgende personenbezogene Daten erhoben und gespeichert:<\/p>\n\n\n\n<ul class=\"wp-block-list\">\n<li>Nutzername<\/li>\n\n\n\n<li>E-Mail-Adresse<\/li>\n<\/ul>\n\n\n\n<p>Um beim Login dein Passwort mit dem zuvor eingegebenen Passwort zu vergleichen, speichern wir dar\u00fcber hinaus einen Hash des Passworts, der uns erm\u00f6glicht zu \u00fcberpr\u00fcfen ob die eingegebenen Passw\u00f6rter identisch sind.<\/p>\n\n\n\n<h3 class=\"wp-block-heading\">Pseudonymisierung<\/h3>\n\n\n\n<p>Du musst dein Geburtsdatum nach der Anmeldung eingeben, damit du an der Studie teilnehmen kannst. Es wird jedoch weder von uns gespeichert noch an unsere Server \u00fcbertragen. Das Geburtsdatum wird nur im &#8222;Local-Storage&#8220; des Browsers hinterlegt, damit man es nicht wieder bei jeder Aktualisierung neu eingeben muss. Es dient allein dazu ein Pseudonym f\u00fcr die teilnehmende Person zu generieren, das \u00fcber den Verlauf der Studie hinweg eindeutig und gleichbleibend ist. Mithilfe dieses Pseudonyms k\u00f6nnen wir Antworten derselben teilnehmenden Person einander zuordnen ohne zu wissen, welcher Nutzeraccount von <code>studie.mintfit.hamburg<\/code> hinter diesem Pseudonym steht.<\/p>\n\n\n\n<p>Das Pseudonym wird als URL-Parameter an <code>umfrage.mintfit.hamburg<\/code> weitergereicht, wenn du auf einen Link zu einer der Umfragen auf dieser Seite klickst und kann dort gespeichert werden. Eine Speicherung des Pseudonyms, so dass diese von uns mit deinem Nutzeraccount verkn\u00fcpft werden kann, findet nicht statt.<\/p>\n\n\n\n<h3 class=\"wp-block-heading\">Cookies<\/h3>\n\n\n\n<p>Falls du ein Konto hast und dich auf dieser Website anmeldest, werden wir ein tempor\u00e4res Cookie setzen, um festzustellen, ob dein Browser Cookies akzeptiert. Dieses Cookie enth\u00e4lt keine personenbezogenen Daten und wird verworfen, wenn du deinen Browser schlie\u00dft.<\/p>\n\n\n\n<p>Dar\u00fcber hinaus werden Anmelde-Cookies verwendet um eingeloggte Nutzer:innen als solche eindeutig identifizieren zu k\u00f6nnen. Anmelde-Cookies verfallen nach zwei Tagen, Cookies f\u00fcr die Anzeigeoptionen verfallen nach einem Jahr. Falls du bei der Anmeldung \u201eAngemeldet bleiben\u201c ausw\u00e4hlst, wird deine Anmeldung zwei Wochen lang aufrechterhalten. Mit der Abmeldung aus deinem Konto werden die Anmelde-Cookies gel\u00f6scht.<\/p>\n\n\n\n<ul class=\"wp-block-list\">\n<li><a href=\"http:\/\/studie.mintfit.hamburg\/wp-login.php?action=logout\" data-type=\"URL\" data-id=\"http:\/\/studie.mintfit.hamburg\/wp-login.php?action=logout\">Von dieser Seite Abmelden<\/a><\/li>\n<\/ul>\n\n\n\n<h3 class=\"wp-block-heading\">L\u00f6schung der Nutzerdaten<\/h3>\n\n\n\n<p>Angemeldete Nutzer:innen k\u00f6nnen ihren Account und alle mit diesem Account verkn\u00fcpften Daten l\u00f6schen, indem sie im folgenden ihre beabsichtigte L\u00f6schung durch Eingabe ihres Passwortes im folgenden best\u00e4tigen.<\/p>\n\n\n\n\n\n\n<h2 class=\"wp-block-heading\">umfrage.mintfit.hamburg<\/h2>\n\n\n\n<p>Diese Seite erm\u00f6glicht Nutzer:innen, die auf <code>studie.mintfit.hamburg<\/code> ein Pseudonym erhalten haben, die Umfragen zur Studie zu beantworten.<\/p>\n\n\n\n<p>Bei Teilnahme an einer Umfrage werden die folgenden Daten gespeichert:<\/p>\n\n\n\n<ul class=\"wp-block-list\">\n<li>Das Pseudonym der teilnehmenden Person von <code>studie.mintfit.hamburg<\/code>.<\/li>\n\n\n\n<li>Alle Nutzereingaben, die im Rahmen der Umfrage get\u00e4tigt werden.<\/li>\n<\/ul>\n\n\n\n<h3 class=\"wp-block-heading\">L\u00f6schung der Daten<\/h3>\n\n\n\n<p>Alle unter <code>umfrage.mintfit.hamburg<\/code> gespeicherten Daten werden bis zum Abschluss der Studie aufbewahrt. Wenn du deine Daten aber fr\u00fcher l\u00f6schen lassen m\u00f6chtest, kannst du uns eine E-Mail mit deinem Anliegen senden.<\/p>\n\n\n\n<p>Da die Umfragedaten nicht mit deinem Nutzeraccount verkn\u00fcpft sind, ben\u00f6tigen wir zur L\u00f6schung der betreffenden Umfrageantworten sowohl deinen Nutzernamen als auch dein Geburtsdatum. Diese Daten ben\u00f6tigen wir um dein Pseudonym zu rekonstruieren und damit die von dir erzeugten Datens\u00e4tze zu l\u00f6schen.<\/p>\n\n\n\n<p>Wenn du uns eine solche E-Mail schreibst, willigst du damit auch ein, dass wir deine Daten wie oben beschrieben verarbeiten d\u00fcrfen. Die Daten werden bei uns gel\u00f6scht, sobald der Vorgang abgeschlossen ist und du \u00fcber die L\u00f6schung deiner Daten informiert wurdest.<\/p>\n\n\n\n<p>Es k\u00f6nnen dabei jedoch nur solche Daten gel\u00f6scht werden, f\u00fcr die keine gesetzlichen Aufbewahrungspflichten bestehen.<\/p>\n\n\n\n<h3 class=\"wp-block-heading\">Cookies<\/h3>\n\n\n\n<p>Diese Seite nutzt Cookies um einige Funktionen bereitzustellen und Sicherheitsfeatures wie CSRF-Tokens nutzen zu k\u00f6nnen.<\/p>\n","protected":false},"excerpt":{"rendered":"<p>Diese Datenschutzerkl\u00e4rung beinhaltet Informationen zu Daten die wir verarbeiten und speichern. Sie kl\u00e4rt dar\u00fcber auf, wie wir von MINTFIT Hamburg diese Daten verwenden. Um den besten Schutz f\u00fcr deine pers\u00f6nlichen Daten zu gew\u00e4hrleisten, arbeiten wir in dieser Studie mit zwei voneinander getrennten Teilsystemen. Beide Systeme haben jeweils nur Zugriff auf einen Teil der Daten. Die&#8230;<\/p>\n","protected":false},"author":0,"featured_media":0,"parent":0,"menu_order":0,"comment_status":"closed","ping_status":"closed","template":"","meta":{"footnotes":""},"class_list":["post-19","page","type-page","status-publish","hentry"],"_links":{"self":[{"href":"https:\/\/studie.mintfit.hamburg\/index.php?rest_route=\/wp\/v2\/pages\/19","targetHints":{"allow":["GET"]}}],"collection":[{"href":"https:\/\/studie.mintfit.hamburg\/index.php?rest_route=\/wp\/v2\/pages"}],"about":[{"href":"https:\/\/studie.mintfit.hamburg\/index.php?rest_route=\/wp\/v2\/types\/page"}],"replies":[{"embeddable":true,"href":"https:\/\/studie.mintfit.hamburg\/index.php?rest_route=%2Fwp%2Fv2%2Fcomments&post=19"}],"version-history":[{"count":21,"href":"https:\/\/studie.mintfit.hamburg\/index.php?rest_route=\/wp\/v2\/pages\/19\/revisions"}],"predecessor-version":[{"id":177,"href":"https:\/\/studie.mintfit.hamburg\/index.php?rest_route=\/wp\/v2\/pages\/19\/revisions\/177"}],"wp:attachment":[{"href":"https:\/\/studie.mintfit.hamburg\/index.php?rest_route=%2Fwp%2Fv2%2Fmedia&parent=19"}],"curies":[{"name":"wp","href":"https:\/\/api.w.org\/{rel}","templated":true}]}}